{"id":546,"date":"2021-04-23T09:43:56","date_gmt":"2021-04-23T07:43:56","guid":{"rendered":"https:\/\/geaunet.wordpress.com\/?page_id=546"},"modified":"2024-12-18T12:54:50","modified_gmt":"2024-12-18T11:54:50","slug":"demarrage-activite-freelance","status":"publish","type":"page","link":"https:\/\/geau.net\/index.php\/mon-offre\/demarrage-activite-freelance\/","title":{"rendered":"Boostez le d\u00e9marrage de votre activit\u00e9 freelance"},"content":{"rendered":"\n<figure class=\"wp-block-image size-large\"><img loading=\"lazy\" decoding=\"async\" width=\"960\" height=\"601\" src=\"http:\/\/geaunei.cluster029.hosting.ovh.net\/wp-content\/uploads\/2021\/02\/image.png?w=750\" alt=\"\" class=\"wp-image-246\" srcset=\"http:\/\/geaunei.cluster029.hosting.ovh.net\/wp-content\/uploads\/2021\/02\/image.png 960w, http:\/\/geaunei.cluster029.hosting.ovh.net\/wp-content\/uploads\/2021\/02\/image-300x188.png 300w, http:\/\/geaunei.cluster029.hosting.ovh.net\/wp-content\/uploads\/2021\/02\/image-768x481.png 768w\" sizes=\"auto, (max-width: 960px) 100vw, 960px\" \/><\/figure>\n\n\n\n<p class=\"has-primary-color has-text-color has-medium-font-size\" id=\"block-768f07ff-422b-4fb3-a838-7fbf730fe2b4\"><strong>F<\/strong>ormuler votre offre et incarner votre projet<\/p>\n\n\n\n<ul class=\"wp-block-list\" id=\"block-80031a58-6e0b-461b-9bfb-62eb8d7924c3\"><li>Aller en profondeur pour faire \u00e9merger l\u2019harmonie entre vous et votre projet<\/li><\/ul>\n\n\n\n<p class=\"has-primary-color has-text-color has-medium-font-size\" id=\"block-57df5916-cd2f-4871-bc5f-8fe5e8dda107\">Cibler vos clients et r\u00e9pondre parfaitement \u00e0 leurs attentes<\/p>\n\n\n\n<ul class=\"wp-block-list\" id=\"block-51ff2109-0525-4f40-99b5-e016b1b842f6\"><li>Circonscrire le p\u00e9rim\u00e8tre aux clients avec qui vous voulez vraiment travailler pour vous assurer de les convaincre&nbsp;: trouver les 20% qui feront les 80% du CA<\/li><li>Les connaitre parfaitement pour savoir comment les atteindre<strong>.<\/strong><\/li><\/ul>\n\n\n\n<p class=\"has-primary-color has-text-color has-medium-font-size\" id=\"block-0eec31c6-2a02-4d8b-a89c-0e87c1ae302b\">Pr\u00e9senter votre offre avec un discours adapt\u00e9 \u00e0 votre cible de clients<\/p>\n\n\n\n<ul class=\"wp-block-list\" id=\"block-7cb74d0d-4467-4c18-9a4e-96826465cdef\"><li>Choisir les bons mots et les bons arguments pour l&rsquo;atteindre<\/li><\/ul>\n\n\n\n<p><\/p>\n\n\n\n<h2 class=\"alignfull has-text-align-center has-secondary-color has-text-color wp-block-heading\" id=\"block-aa777922-504a-4f40-8fb7-ebc6241571ba\" style=\"font-size:clamp(19.481px, 1.218rem + ((1vw - 3.2px) * 1.2), 31px);\">A la recherche de votre identit\u00e9 professionnelle ?<\/h2>\n\n\n\n<div class=\"wp-block-buttons is-content-justification-center is-layout-flex wp-block-buttons-is-layout-flex\">\n<div class=\"wp-block-button has-custom-font-size has-normal-font-size\"><a class=\"wp-block-button__link\">Contactez-moi !<\/a><\/div>\n<\/div>\n\n\n\n<p><\/p>\n","protected":false},"excerpt":{"rendered":"<p>Formuler votre offre et incarner votre projet Aller en profondeur pour faire \u00e9merger l\u2019harmonie entre vous et votre projet Cibler vos clients et r\u00e9pondre parfaitement \u00e0 leurs attentes Circonscrire le p\u00e9rim\u00e8tre aux clients avec qui vous voulez vraiment travailler pour vous assurer de les convaincre&nbsp;: trouver les 20% qui feront les 80% du CA Les [&hellip;]<\/p>\n","protected":false},"author":1,"featured_media":242,"parent":296,"menu_order":0,"comment_status":"closed","ping_status":"closed","template":"","meta":{"footnotes":""},"class_list":["post-546","page","type-page","status-publish","has-post-thumbnail","hentry"],"_links":{"self":[{"href":"https:\/\/geau.net\/index.php\/wp-json\/wp\/v2\/pages\/546","targetHints":{"allow":["GET"]}}],"collection":[{"href":"https:\/\/geau.net\/index.php\/wp-json\/wp\/v2\/pages"}],"about":[{"href":"https:\/\/geau.net\/index.php\/wp-json\/wp\/v2\/types\/page"}],"author":[{"embeddable":true,"href":"https:\/\/geau.net\/index.php\/wp-json\/wp\/v2\/users\/1"}],"replies":[{"embeddable":true,"href":"https:\/\/geau.net\/index.php\/wp-json\/wp\/v2\/comments?post=546"}],"version-history":[{"count":1,"href":"https:\/\/geau.net\/index.php\/wp-json\/wp\/v2\/pages\/546\/revisions"}],"predecessor-version":[{"id":718,"href":"https:\/\/geau.net\/index.php\/wp-json\/wp\/v2\/pages\/546\/revisions\/718"}],"up":[{"embeddable":true,"href":"https:\/\/geau.net\/index.php\/wp-json\/wp\/v2\/pages\/296"}],"wp:featuredmedia":[{"embeddable":true,"href":"https:\/\/geau.net\/index.php\/wp-json\/wp\/v2\/media\/242"}],"wp:attachment":[{"href":"https:\/\/geau.net\/index.php\/wp-json\/wp\/v2\/media?parent=546"}],"curies":[{"name":"wp","href":"https:\/\/api.w.org\/{rel}","templated":true}]}}